{"id":19,"date":"2025-07-04T21:31:33","date_gmt":"2025-07-04T21:31:33","guid":{"rendered":"https:\/\/www.onlegal.pl\/?page_id=19"},"modified":"2025-08-29T14:31:40","modified_gmt":"2025-08-29T14:31:40","slug":"onlegal","status":"publish","type":"page","link":"https:\/\/www.onlegal.pl\/","title":{"rendered":"Onlegal"},"content":{"rendered":"\t\t<div data-elementor-type=\"wp-post\" data-elementor-id=\"19\" class=\"elementor elementor-19\">\n\t\t\t\t<div class=\"elementor-element elementor-element-aa71ff4 e-flex e-con-boxed e-con e-parent\" data-id=\"aa71ff4\" data-element_type=\"container\" data-e-type=\"container\">\n\t\t\t\t\t<div class=\"e-con-inner\">\n\t\t\t\t<div class=\"elementor-element elementor-element-3812d97 elementor-widget elementor-widget-image\" data-id=\"3812d97\" data-element_type=\"widget\" data-e-type=\"widget\" data-widget_type=\"image.default\">\n\t\t\t\t<div class=\"elementor-widget-container\">\n\t\t\t\t\t\t\t\t\t\t\t\t\t\t\t<img decoding=\"async\" src=\"https:\/\/www.onlegal.pl\/wp-content\/uploads\/elementor\/thumbs\/logo-onlegal-raz3jgarr6p18fckwxhvgrtvjxnablumljwzl6lh8e.png\" title=\"ONLEGAL\" alt=\"ONLEGAL\" loading=\"lazy\" \/>\t\t\t\t\t\t\t\t\t\t\t\t\t\t\t<\/div>\n\t\t\t\t<\/div>\n\t\t\t\t<div class=\"elementor-element elementor-element-95f6f6b elementor-widget elementor-widget-heading\" data-id=\"95f6f6b\" data-element_type=\"widget\" data-e-type=\"widget\" data-widget_type=\"heading.default\">\n\t\t\t\t<div class=\"elementor-widget-container\">\n\t\t\t\t\t<h2 class=\"elementor-heading-title elementor-size-default\">W\u0142\u0105cz ochron\u0119 prawn\u0105<\/h2>\t\t\t\t<\/div>\n\t\t\t\t<\/div>\n\t\t\t\t<div class=\"elementor-element elementor-element-f3d7fa1 elementor-widget__width-initial elementor-widget elementor-widget-shortcode\" data-id=\"f3d7fa1\" data-element_type=\"widget\" data-e-type=\"widget\" data-widget_type=\"shortcode.default\">\n\t\t\t\t<div class=\"elementor-widget-container\">\n\t\t\t\t\t\t\t<div class=\"elementor-shortcode\"><div class='mwai-chatbot-container' data-params='{&quot;aiName&quot;:&quot;Eurolege&quot;,&quot;userName&quot;:&quot;U\\u017cytkownik: &quot;,&quot;guestName&quot;:&quot;Go\\u015b\\u0107:&quot;,&quot;textSend&quot;:&quot;Wy\\u015blij&quot;,&quot;textClear&quot;:&quot;Wyczy\\u015b\\u0107&quot;,&quot;imageUpload&quot;:false,&quot;fileUpload&quot;:false,&quot;multiUpload&quot;:false,&quot;maxUploads&quot;:1,&quot;fileUploads&quot;:0,&quot;mode&quot;:&quot;assistant&quot;,&quot;textInputPlaceholder&quot;:&quot;Napisz swoj\\u0105 wiadomo\\u015b\\u0107...&quot;,&quot;textInputMaxLength&quot;:512,&quot;textCompliance&quot;:&quot;&quot;,&quot;startSentence&quot;:&quot;Witamy w Eurolege. W czym mo\\u017cemy ci pom\\u00f3c?&quot;,&quot;localMemory&quot;:true,&quot;themeId&quot;:&quot;timeless&quot;,&quot;window&quot;:true,&quot;icon&quot;:&quot;https:\\\/\\\/ci3.googleusercontent.com\\\/meips\\\/ADKq_NayZv0XC1dMeWn7s-APUKdVtkWX3CDcdvhFrj3pB7OWgRhXDlDwS2fi0Q9ICgkSZeSJvGFZCxyiGV11IRA8IwITR8HnOSveN06U1rCe=s0-d-e1-ft#https:\\\/\\\/eurolegespzo.img.email\\\/images\\\/6718f1e1f05d8.png&quot;,&quot;iconText&quot;:&quot;Jestem asystentem Eurolege&quot;,&quot;iconTextDelay&quot;:3,&quot;iconAlt&quot;:&quot;AI Engine Chatbot&quot;,&quot;iconPosition&quot;:&quot;bottom-right&quot;,&quot;centerOpen&quot;:false,&quot;width&quot;:&quot;&quot;,&quot;openDelay&quot;:&quot;&quot;,&quot;iconBubble&quot;:false,&quot;windowAnimation&quot;:&quot;zoom&quot;,&quot;fullscreen&quot;:false,&quot;copyButton&quot;:false,&quot;headerSubtitle&quot;:&quot;Rozmawiaj z&quot;,&quot;containerType&quot;:&quot;standard&quot;,&quot;headerType&quot;:&quot;standard&quot;,&quot;messagesType&quot;:&quot;standard&quot;,&quot;inputType&quot;:&quot;standard&quot;,&quot;footerType&quot;:&quot;standard&quot;}' data-system='{&quot;botId&quot;:&quot;default&quot;,&quot;customId&quot;:null,&quot;userData&quot;:null,&quot;sessionId&quot;:&quot;69dfc20d5d945&quot;,&quot;restNonce&quot;:null,&quot;contextId&quot;:19,&quot;pluginUrl&quot;:&quot;https:\\\/\\\/www.onlegal.pl\\\/wp-content\\\/plugins\\\/ai-engine-pro\\\/&quot;,&quot;restUrl&quot;:&quot;https:\\\/\\\/www.onlegal.pl\\\/index.php\\\/wp-json&quot;,&quot;stream&quot;:true,&quot;debugMode&quot;:true,&quot;eventLogs&quot;:true,&quot;speech_recognition&quot;:false,&quot;speech_synthesis&quot;:false,&quot;typewriter&quot;:false,&quot;crossSite&quot;:false,&quot;actions&quot;:[],&quot;blocks&quot;:[],&quot;shortcuts&quot;:[]}' data-theme='{&quot;type&quot;:&quot;internal&quot;,&quot;name&quot;:&quot;Timeless&quot;,&quot;themeId&quot;:&quot;timeless&quot;,&quot;settings&quot;:[],&quot;style&quot;:&quot;&quot;,&quot;cssUrl&quot;:&quot;https:\\\/\\\/www.onlegal.pl\\\/wp-content\\\/plugins\\\/ai-engine-pro\\\/themes\\\/timeless.css&quot;}'><\/div><\/div>\n\t\t\t\t\t\t<\/div>\n\t\t\t\t<\/div>\n\t\t\t\t\t<\/div>\n\t\t\t\t<\/div>\n\t\t\t\t<\/div>\n\t\t","protected":false},"excerpt":{"rendered":"<p>W\u0142\u0105cz ochron\u0119 prawn\u0105<\/p>\n","protected":false},"author":2,"featured_media":0,"parent":0,"menu_order":0,"comment_status":"closed","ping_status":"closed","template":"","meta":{"footnotes":""},"class_list":["post-19","page","type-page","status-publish","hentry"],"_links":{"self":[{"href":"https:\/\/www.onlegal.pl\/index.php\/wp-json\/wp\/v2\/pages\/19","targetHints":{"allow":["GET"]}}],"collection":[{"href":"https:\/\/www.onlegal.pl\/index.php\/wp-json\/wp\/v2\/pages"}],"about":[{"href":"https:\/\/www.onlegal.pl\/index.php\/wp-json\/wp\/v2\/types\/page"}],"author":[{"embeddable":true,"href":"https:\/\/www.onlegal.pl\/index.php\/wp-json\/wp\/v2\/users\/2"}],"replies":[{"embeddable":true,"href":"https:\/\/www.onlegal.pl\/index.php\/wp-json\/wp\/v2\/comments?post=19"}],"version-history":[{"count":12,"href":"https:\/\/www.onlegal.pl\/index.php\/wp-json\/wp\/v2\/pages\/19\/revisions"}],"predecessor-version":[{"id":37,"href":"https:\/\/www.onlegal.pl\/index.php\/wp-json\/wp\/v2\/pages\/19\/revisions\/37"}],"wp:attachment":[{"href":"https:\/\/www.onlegal.pl\/index.php\/wp-json\/wp\/v2\/media?parent=19"}],"curies":[{"name":"wp","href":"https:\/\/api.w.org\/{rel}","templated":true}]}}